{"id":105,"date":"2023-11-14T13:38:19","date_gmt":"2023-11-14T13:38:19","guid":{"rendered":"https:\/\/caivenezia.it\/s\/?page_id=105"},"modified":"2026-04-13T11:25:28","modified_gmt":"2026-04-13T09:25:28","slug":"homepage","status":"publish","type":"page","link":"https:\/\/caivenezia.it\/s\/","title":{"rendered":"Homepage"},"content":{"rendered":"\r\n<div class=\"wp-block-columns is-layout-flex wp-container-core-columns-is-layout-9d6595d7 wp-block-columns-is-layout-flex\">\r\n<div class=\"wp-block-column is-layout-flow wp-block-column-is-layout-flow\" style=\"flex-basis: 100%;\">\r\n<p>Ricordiamo che per non perdere la qualifica di socio, l&#8217;assicurazione soccorso alpino e la ricezione delle riviste, \u00e8 necessario rinnovare la quota d&#8217;iscrizione alla nostra Sezione entro il 31\/03\/2026<\/p>\r\n<p>La segreteria \u00e8 aperta:<br \/>Mercoled\u00ec dalle 17:00 alle 19:00<br \/>Venerd\u00ec dalle 18:00 alle 20:00<\/p>\r\n<p>Oltre che recandovi in segreteria durante l\u2019orario di apertura, \u00e8 possibile rinnovare\u00a0tramite<br \/><strong>bonifico su Banca Generali a:<br \/>Club Alpino Italiano &#8211; Sezione di Venezia<br \/><\/strong><strong>Iban: IT85E 03075 02200 CC85 0081 4235<br \/><\/strong>specificando nome e cognome, (ordinario\/junior\/famigliare\/giovane)<br \/><strong>ed inviando copia del pagamento a: <\/strong><strong><a href=\"mailto:segreteria@caivenezia.it\" rel=\"noreferrer\">segreteria@caivenezia.it<\/a><br \/><\/strong>Il rinnovo verr\u00e0 effettuato entro una decina di giorni dal ricevimento dell&#8217;email.<br \/>I bollini verranno inviati per posta (\u20ac 2,00 per spese di spedizione da aggiungere al bonifico).<br \/>Per l&#8217;importo delle quote e per altre info: <a href=\"https:\/\/caivenezia.it\/s\/la-sezione\/iscrizioni-e-quote\/\" target=\"_blank\" rel=\"noopener noreferrer\">https:\/\/caivenezia.it\/s\/la-sezione\/iscrizioni-e-quote\/<\/a><\/p>\r\n<p><em>Invitiamo tutti i Soci ad\u00a0<a href=\"https:\/\/soci.cai.it\/my-cai\/home\" target=\"_blank\" rel=\"noopener noreferrer\">attivare il profilo MyCAI cliccando su: soci.cai.it<\/a>\u00a0 da dove \u00e8 possibile scaricare il Certificato di Iscrizione e la Tessera Digitale <\/em>in cui \u00e8 riportata anche l\u2019attestazione dell\u2019eventuale assicurazione contratta.<\/p>\r\n<p>Vi aspettiamo!<\/p>\r\n<p>=============================================<\/p>\r\n<header class=\"entry-header\"><\/header><header><\/header><header><\/header><header><\/header><header><\/header>\r\n<div class=\"entry-content\">\u00a0<\/div>\r\n<\/div>\r\n<\/div>\r\n\r\n\r\n\r\n<p>&nbsp;<\/p>\r\n","protected":false},"excerpt":{"rendered":"<p>Ricordiamo che per non perdere la qualifica di socio, l&#8217;assicurazione soccorso alpino e la ricezione delle riviste, \u00e8 necessario rinnovare la quota d&#8217;iscrizione alla nostra Sezione entro il 31\/03\/2026 La segreteria \u00e8 aperta:Mercoled\u00ec dalle 17:00 alle 19:00Venerd\u00ec dalle 18:00 alle 20:00 Oltre che recandovi in segreteria durante l\u2019orario di apertura, \u00e8 possibile rinnovare\u00a0tramitebonifico su Banca &hellip; <\/p>\n<p class=\"link-more\"><a href=\"https:\/\/caivenezia.it\/s\/\" class=\"more-link\">Leggi tutto<span class=\"screen-reader-text\"> &#8220;Homepage&#8221;<\/span><\/a><\/p>\n","protected":false},"author":1,"featured_media":0,"parent":0,"menu_order":0,"comment_status":"closed","ping_status":"closed","template":"","meta":{"footnotes":""},"class_list":["post-105","page","type-page","status-publish","hentry"],"_links":{"self":[{"href":"https:\/\/caivenezia.it\/s\/wp-json\/wp\/v2\/pages\/105","targetHints":{"allow":["GET"]}}],"collection":[{"href":"https:\/\/caivenezia.it\/s\/wp-json\/wp\/v2\/pages"}],"about":[{"href":"https:\/\/caivenezia.it\/s\/wp-json\/wp\/v2\/types\/page"}],"author":[{"embeddable":true,"href":"https:\/\/caivenezia.it\/s\/wp-json\/wp\/v2\/users\/1"}],"replies":[{"embeddable":true,"href":"https:\/\/caivenezia.it\/s\/wp-json\/wp\/v2\/comments?post=105"}],"version-history":[{"count":95,"href":"https:\/\/caivenezia.it\/s\/wp-json\/wp\/v2\/pages\/105\/revisions"}],"predecessor-version":[{"id":1340,"href":"https:\/\/caivenezia.it\/s\/wp-json\/wp\/v2\/pages\/105\/revisions\/1340"}],"wp:attachment":[{"href":"https:\/\/caivenezia.it\/s\/wp-json\/wp\/v2\/media?parent=105"}],"curies":[{"name":"wp","href":"https:\/\/api.w.org\/{rel}","templated":true}]}}