{"id":121,"date":"2023-11-14T14:04:47","date_gmt":"2023-11-14T14:04:47","guid":{"rendered":"https:\/\/caivenezia.it\/s\/?page_id=121"},"modified":"2023-11-14T14:04:47","modified_gmt":"2023-11-14T14:04:47","slug":"sci-fondo-escursionismo","status":"publish","type":"page","link":"https:\/\/caivenezia.it\/s\/scuole-e-corsi\/sci-fondo-escursionismo\/","title":{"rendered":"Sci fondo escursionismo"},"content":{"rendered":"<h3>Sci fondo escursionismo<\/h3>\n<p>Anche questo anno \u00e8 arrivato il momento di rispolverare gli sci (magari ripulendoli dalle incrostazioni di sciolina della stagione passata) o di procurarsene un paio (vedete voi come) per rispondere al nostro invito.<\/p>\n<p>Vi proponiamo di evadere dal grigiore delle giornate invernali trascorse tristemente in citt\u00e0 e di venire con noi in montagna, sulla neve.<\/p>\n<p>Chi gi\u00e0 ci conosce sa che cosa trover\u00e0; chi non ha mai provato avr\u00e0 la occasione di effettuare una serie di uscite indimenticabili in allegra compagnia.<\/p>\n","protected":false},"excerpt":{"rendered":"<p>Sci fondo escursionismo Anche questo anno \u00e8 arrivato il momento di rispolverare gli sci (magari ripulendoli dalle incrostazioni di sciolina della stagione passata) o di procurarsene un paio (vedete voi come) per rispondere al nostro invito. Vi proponiamo di evadere dal grigiore delle giornate invernali trascorse tristemente in citt\u00e0 e di venire con noi in &hellip; <\/p>\n<p class=\"link-more\"><a href=\"https:\/\/caivenezia.it\/s\/scuole-e-corsi\/sci-fondo-escursionismo\/\" class=\"more-link\">Leggi tutto<span class=\"screen-reader-text\"> &#8220;Sci fondo escursionismo&#8221;<\/span><\/a><\/p>\n","protected":false},"author":1,"featured_media":0,"parent":11,"menu_order":2,"comment_status":"closed","ping_status":"closed","template":"","meta":{"footnotes":""},"class_list":["post-121","page","type-page","status-publish","hentry"],"_links":{"self":[{"href":"https:\/\/caivenezia.it\/s\/wp-json\/wp\/v2\/pages\/121","targetHints":{"allow":["GET"]}}],"collection":[{"href":"https:\/\/caivenezia.it\/s\/wp-json\/wp\/v2\/pages"}],"about":[{"href":"https:\/\/caivenezia.it\/s\/wp-json\/wp\/v2\/types\/page"}],"author":[{"embeddable":true,"href":"https:\/\/caivenezia.it\/s\/wp-json\/wp\/v2\/users\/1"}],"replies":[{"embeddable":true,"href":"https:\/\/caivenezia.it\/s\/wp-json\/wp\/v2\/comments?post=121"}],"version-history":[{"count":1,"href":"https:\/\/caivenezia.it\/s\/wp-json\/wp\/v2\/pages\/121\/revisions"}],"predecessor-version":[{"id":122,"href":"https:\/\/caivenezia.it\/s\/wp-json\/wp\/v2\/pages\/121\/revisions\/122"}],"up":[{"embeddable":true,"href":"https:\/\/caivenezia.it\/s\/wp-json\/wp\/v2\/pages\/11"}],"wp:attachment":[{"href":"https:\/\/caivenezia.it\/s\/wp-json\/wp\/v2\/media?parent=121"}],"curies":[{"name":"wp","href":"https:\/\/api.w.org\/{rel}","templated":true}]}}