{"id":123,"date":"2023-11-14T14:05:28","date_gmt":"2023-11-14T14:05:28","guid":{"rendered":"https:\/\/caivenezia.it\/s\/?page_id=123"},"modified":"2023-11-14T19:45:29","modified_gmt":"2023-11-14T19:45:29","slug":"alpinismo-giovanile","status":"publish","type":"page","link":"https:\/\/caivenezia.it\/s\/scuole-e-corsi\/alpinismo-giovanile\/","title":{"rendered":"Alpinismo giovanile"},"content":{"rendered":"<blockquote>\n<h3>Alpinismo giovanile (attualmente non operativo nella nostra sezione)<\/h3>\n<\/blockquote>\n<p>Nasce con il desiderio dell&#8217;uomo di condurre un giovane in montagna, e probabilmente coincide con l&#8217;anno di fondazione del nostro Sodalizio. Il primo dato ufficiale, \u00e8 del 1892 e fa riferimento a carovane scolastiche consistenti in lunghe traversate cui partecipavano i giovani soci del CAI.<\/p>\n<p>E&#8217; negli anni 80 che vengono insediate le commissioni periferiche e successivamente nel 1984, con l&#8217;approvazione del regolamento degli organi tecnici del CAI, viene ufficializzata la costituzione della Commissione Centrale Alpinismo Giovanile (CCAG), nonch\u00e9 i rapporti con la stessa degli organi tecnici periferici (OTP).<\/p>\n<p>L&#8217;attivit\u00e0 di Alpinismo Giovanile, \u00e8 svolta sulla base del PROGETTO EDUCATIVO DEL CAI che approvato nel 1988 come documento guida, vuole dare una connotazione precisa alla presenza del Sodalizio fra i giovani e chiarire, in modo inequivocabile, ruolo e compiti dell&#8217;Alpinismo Giovanile.<\/p>\n<div id=\"immagine_4_container\" class=\"immagine putRight\"><\/div>\n<p>Obiettivo del nostro lavoro, \u00e8 quello di condurre i giovani alla maturit\u00e0 attraverso l&#8217;attivit\u00e0 principale che era, e rimane l&#8217;escursionismo di montagna finalizzato al recupero della dimensione del camminare, acquisire conoscenze culturali e abilit\u00e0 tecniche per vivere l&#8217;ambiente montano con gioia e sicurezza, non trascurando le attivit\u00e0 specialistiche del nostro Sodalizio. Il metodo d&#8217;intervento si basa sul concetto di coinvolgimento del giovane, in attivit\u00e0 divertenti stabilendo con lui un rapporto costruttivo secondo le regole dell&#8217;imparare facendo.<\/p>\n<p>Cardine dell&#8217;attivit\u00e0 \u00e8 il gruppo, inteso come nucleo sociale, costituito dai giovani e dai loro Accompagnatori.<\/p>\n<p>L&#8217;Alpinismo Giovanile, svolge la propria attivit\u00e0 dall&#8217;inizio della fase di socializzazione ed indipendenza fino al completamento del processo di maturazione dell&#8217;adolescenza con un&#8217;articolazione operativa secondo tre fasce di et\u00e0: 8\/11, 11\/14, 14\/17 anni.<\/p>\n<p>ATTIVITA&#8217; ATTUALMENTE NON OPERATIVA NELLA NOSTRA SEZIONE<\/p>\n","protected":false},"excerpt":{"rendered":"<p>Alpinismo giovanile (attualmente non operativo nella nostra sezione) Nasce con il desiderio dell&#8217;uomo di condurre un giovane in montagna, e probabilmente coincide con l&#8217;anno di fondazione del nostro Sodalizio. Il primo dato ufficiale, \u00e8 del 1892 e fa riferimento a carovane scolastiche consistenti in lunghe traversate cui partecipavano i giovani soci del CAI. E&#8217; negli &hellip; <\/p>\n<p class=\"link-more\"><a href=\"https:\/\/caivenezia.it\/s\/scuole-e-corsi\/alpinismo-giovanile\/\" class=\"more-link\">Leggi tutto<span class=\"screen-reader-text\"> &#8220;Alpinismo giovanile&#8221;<\/span><\/a><\/p>\n","protected":false},"author":1,"featured_media":0,"parent":11,"menu_order":3,"comment_status":"closed","ping_status":"closed","template":"","meta":{"footnotes":""},"class_list":["post-123","page","type-page","status-publish","hentry"],"_links":{"self":[{"href":"https:\/\/caivenezia.it\/s\/wp-json\/wp\/v2\/pages\/123","targetHints":{"allow":["GET"]}}],"collection":[{"href":"https:\/\/caivenezia.it\/s\/wp-json\/wp\/v2\/pages"}],"about":[{"href":"https:\/\/caivenezia.it\/s\/wp-json\/wp\/v2\/types\/page"}],"author":[{"embeddable":true,"href":"https:\/\/caivenezia.it\/s\/wp-json\/wp\/v2\/users\/1"}],"replies":[{"embeddable":true,"href":"https:\/\/caivenezia.it\/s\/wp-json\/wp\/v2\/comments?post=123"}],"version-history":[{"count":2,"href":"https:\/\/caivenezia.it\/s\/wp-json\/wp\/v2\/pages\/123\/revisions"}],"predecessor-version":[{"id":188,"href":"https:\/\/caivenezia.it\/s\/wp-json\/wp\/v2\/pages\/123\/revisions\/188"}],"up":[{"embeddable":true,"href":"https:\/\/caivenezia.it\/s\/wp-json\/wp\/v2\/pages\/11"}],"wp:attachment":[{"href":"https:\/\/caivenezia.it\/s\/wp-json\/wp\/v2\/media?parent=123"}],"curies":[{"name":"wp","href":"https:\/\/api.w.org\/{rel}","templated":true}]}}