{"id":1234,"date":"2025-12-12T13:57:43","date_gmt":"2025-12-12T12:57:43","guid":{"rendered":"https:\/\/caivenezia.it\/s\/?page_id=1234"},"modified":"2025-12-12T13:57:43","modified_gmt":"2025-12-12T12:57:43","slug":"programma-delle-attivita-2026","status":"publish","type":"page","link":"https:\/\/caivenezia.it\/s\/la-sezione\/programma-delle-attivita-2026\/","title":{"rendered":"Programma delle attivit\u00e0 2026"},"content":{"rendered":"<p>Care socie e cari soci,<\/p>\n<p>care amiche e cari amici appassionati di montagna, il 2025 sta per volgere al suo termine, rieccoci dunque a proporvi il programma delle attivit\u00e0 che la nostra Sezione CAI di Venezia organizzer\u00e0 nel corso del 2026 tramite le proprie strutture operative.<\/p>\n<p>Verranno organizzate escursioni, sia nel periodo invernale che in quello estivo, guidate dai nostri accompagnatori e dai nostri operatori naturalistico culturali e la nostra Scuola &#8220;Sergio Nen&#8221;, che opera ininterrottamente dal 1939, organizzer\u00e0 corsi di alpinismo, scialpinismo e sci-escursionismo. In questo libricino, troverete dettagliatamente tutte le informazioni necessarie. Non mancheranno altres\u00ec manifestazioni culturali, quali l&#8217;ormai tradizionale rassegna di cinema di montagna &#8220;Schermi Verticali&#8221;.<\/p>\n<p>Nel 2026 inoltre, festeggeremo i 100 anni del nostro Rifugio Giovanni e Dino Chiggiato alle Marmarole, sar\u00e0 una bella occasione per ritrovarci numerosi, cos\u00ec come accadde quel 27 giugno 1926!<\/p>\n<p><span data-path-to-node=\"8,2\"><span class=\"citation-250\">Vi ricordo come sempre, che dal mese di novembre, potrete gi\u00e0 rinnovare l&#8217;iscrizione al nostro sodalizio per il nuovo anno, che oltre a darvi la possibilit\u00e0 di prendere parte a tutte le nostre attivit\u00e0 e di condividerne i valori, vi d\u00e0 diritto alla ricezione della Rivista nazionale, di Le Alpi Venete e del nostro notiziario &#8220;1890&#8221;, alla scontistica nei rifugi CAI, all&#8217;assicurazione infortuni durante le attivit\u00e0 <\/span><\/span><span data-path-to-node=\"8,5\"><span class=\"citation-249\">sezionali <\/span><\/span><span data-path-to-node=\"8,7\"> e <\/span><span data-path-to-node=\"8,9\"><span class=\"citation-248\">all&#8217;eventuale intervento del soccorso alpino.<\/span><\/span><\/p>\n<p><span data-path-to-node=\"8,12\"><span class=\"citation-247\">Nonostante la nostra citt\u00e0, giorno dopo giorno, veda ridurre drasticamente il numero dei suoi residenti, sono fiero di comunicarvi che la nostra Sezione conta oggi una quarantina di soci in pi\u00f9 rispetto allo scorso anno. <\/span><\/span><span data-path-to-node=\"8,15\"><span class=\"citation-246\">Questa controtendenza ci sprona a continuare a rinnovarci per restare al passo con i tempi, che per svariati motivi, sono sempre pi\u00f9 complessi.<\/span><\/span><\/p>\n<p><span data-path-to-node=\"8,18\"><span class=\"citation-245\">Abbiamo quindi necessit\u00e0, <\/span><\/span><span data-path-to-node=\"8,20\"> oggi pi\u00f9 che ieri, di nuove energie e di nuovo entusiasmo. <\/span><span data-path-to-node=\"8,22\"><span class=\"citation-244\">Vi aspettiamo! <\/span><\/span><span data-path-to-node=\"8,25\"><span class=\"citation-243\">Buona Montagna a tutti!<\/span><\/span><\/p>\n<p style=\"text-align: right;\"><span data-path-to-node=\"8,28\"><span class=\"citation-242\">Daniele Bortolozzi<\/span><\/span><\/p>\n<p style=\"text-align: right;\"><span data-path-to-node=\"8,31\"><span class=\"citation-241\">Presidente della Sezione di Venezia <\/span><\/span><span data-path-to-node=\"8,34\"><span class=\"citation-240\">del Club Alpino Italiano<\/span><\/span><\/p>\n<p>&nbsp;<\/p>\n<p><a href=\"https:\/\/caivenezia.it\/s\/wp-content\/uploads\/2025\/12\/CAI_programma_attivita_2026.pdf\">Scarica il programma in formato PDF (65Mb)<\/a><\/p>\n","protected":false},"excerpt":{"rendered":"<p>Care socie e cari soci, care amiche e cari amici appassionati di montagna, il 2025 sta per volgere al suo termine, rieccoci dunque a proporvi il programma delle attivit\u00e0 che la nostra Sezione CAI di Venezia organizzer\u00e0 nel corso del 2026 tramite le proprie strutture operative. Verranno organizzate escursioni, sia nel periodo invernale che in &hellip; <\/p>\n<p class=\"link-more\"><a href=\"https:\/\/caivenezia.it\/s\/la-sezione\/programma-delle-attivita-2026\/\" class=\"more-link\">Leggi tutto<span class=\"screen-reader-text\"> &#8220;Programma delle attivit\u00e0 2026&#8221;<\/span><\/a><\/p>\n","protected":false},"author":1,"featured_media":0,"parent":9,"menu_order":0,"comment_status":"closed","ping_status":"closed","template":"","meta":{"footnotes":""},"class_list":["post-1234","page","type-page","status-publish","hentry"],"_links":{"self":[{"href":"https:\/\/caivenezia.it\/s\/wp-json\/wp\/v2\/pages\/1234","targetHints":{"allow":["GET"]}}],"collection":[{"href":"https:\/\/caivenezia.it\/s\/wp-json\/wp\/v2\/pages"}],"about":[{"href":"https:\/\/caivenezia.it\/s\/wp-json\/wp\/v2\/types\/page"}],"author":[{"embeddable":true,"href":"https:\/\/caivenezia.it\/s\/wp-json\/wp\/v2\/users\/1"}],"replies":[{"embeddable":true,"href":"https:\/\/caivenezia.it\/s\/wp-json\/wp\/v2\/comments?post=1234"}],"version-history":[{"count":2,"href":"https:\/\/caivenezia.it\/s\/wp-json\/wp\/v2\/pages\/1234\/revisions"}],"predecessor-version":[{"id":1237,"href":"https:\/\/caivenezia.it\/s\/wp-json\/wp\/v2\/pages\/1234\/revisions\/1237"}],"up":[{"embeddable":true,"href":"https:\/\/caivenezia.it\/s\/wp-json\/wp\/v2\/pages\/9"}],"wp:attachment":[{"href":"https:\/\/caivenezia.it\/s\/wp-json\/wp\/v2\/media?parent=1234"}],"curies":[{"name":"wp","href":"https:\/\/api.w.org\/{rel}","templated":true}]}}