{"id":215,"date":"2023-11-15T21:55:16","date_gmt":"2023-11-15T20:55:16","guid":{"rendered":"https:\/\/caivenezia.it\/s\/?page_id=215"},"modified":"2025-06-07T14:52:30","modified_gmt":"2025-06-07T12:52:30","slug":"rifugio-giovanni-e-dino-chiggiato-alle-marmarole","status":"publish","type":"page","link":"https:\/\/caivenezia.it\/s\/rifugi-e-bivacchi\/rifugio-giovanni-e-dino-chiggiato-alle-marmarole\/","title":{"rendered":"Rifugio Giovanni e Dino Chiggiato alle Marmarole"},"content":{"rendered":"<h2><img loading=\"lazy\" decoding=\"async\" class=\"alignnone size-medium wp-image-335\" src=\"https:\/\/caivenezia.it\/s\/wp-content\/uploads\/2023\/11\/Chiggiato1-300x150.jpg\" alt=\"\" width=\"300\" height=\"150\" srcset=\"https:\/\/caivenezia.it\/s\/wp-content\/uploads\/2023\/11\/Chiggiato1-300x150.jpg 300w, https:\/\/caivenezia.it\/s\/wp-content\/uploads\/2023\/11\/Chiggiato1-1024x512.jpg 1024w, https:\/\/caivenezia.it\/s\/wp-content\/uploads\/2023\/11\/Chiggiato1-768x384.jpg 768w, https:\/\/caivenezia.it\/s\/wp-content\/uploads\/2023\/11\/Chiggiato1-1536x768.jpg 1536w, https:\/\/caivenezia.it\/s\/wp-content\/uploads\/2023\/11\/Chiggiato1.jpg 1600w\" sizes=\"auto, (max-width: 300px) 100vw, 300px\" \/><\/h2>\n<p><strong>Anno di costruzione:<\/strong> 1926 (1987)<br \/>\n<strong>Gruppo montuoso:<\/strong> Marmarole<br \/>\n<strong>Altitudine:<\/strong> 1911 m. slm<br \/>\n<strong>Localit\u00e0:<\/strong> Col Negro (Comune di Calalzo di Cadore)<br \/>\n<strong>Posti letto:<\/strong> 37 + 4 nel locale invernale<br \/>\n<strong>Periodo indicativo di apertura estiva:<\/strong> 20\/06 &#8211; 20\/09<br \/>\n<strong> Apertura nel periodo invernale:<\/strong> consultare il sito web del rifugio www.rifugiochiggiato.it<br \/>\n<strong>Telefono:<\/strong> +39 0435 366290<br \/>\n<strong>E-mail:<\/strong> <a href=\"https:\/\/web.archive.org\/web\/20230324004809\/http:\/\/www.caivenezia.it\/info@rifugiochiggiato.it\">info@rifugiochiggiato.it<\/a><br \/>\n<strong>Sito web:<\/strong> <a href=\"https:\/\/web.archive.org\/web\/20230324004809\/http:\/\/www.rifugiochiggiato.it\/\">http:\/\/www.rifugiochiggiato.it<\/a><br \/>\n<strong>Gestori:<\/strong> Sara Laguna e Silvio Piazza<br \/>\n<strong>C.I.N.<\/strong> IT025008B8MUPZR9IN<\/p>\n<p>Apertura nei fine settimana invernali: consultare il sito web del rifugio <a href=\"http:\/\/www.rifugiochiggiato.it\">www.rifugiochiggiato.it.<\/a><br \/>\nAlloggio in camere da 2 &#8211; 6 &#8211; 12 posti a seconda della disponibilit\u00e0.<\/p>\n<h2>Itinerari di accesso<\/h2>\n<div id=\"comp-kv7te04w\" class=\"HcOXKn c9GqVL QxJLC3 comp-kv7te04w wixui-rich-text\" data-testid=\"richTextElement\">\n<p class=\"font_7 wixui-rich-text__text\"><strong><span class=\"color_42 wixui-rich-text__text\"><span class=\"wixui-rich-text__text\">Sentiero CAI 261<\/span><\/span><\/strong><\/p>\n<p class=\"font_7 wixui-rich-text__text\"><span class=\"color_41 wixui-rich-text__text\"><span class=\"wixui-rich-text__text\"><span class=\"wixGuard wixui-rich-text__text\">\u200b<\/span><\/span><\/span><span class=\"wixui-rich-text__text\">Difficolt\u00e0: E &#8211;\u00a0<\/span><span class=\"wixui-rich-text__text\">Tempo di percorrenza medio: ore 2.30\/3<\/span><\/p>\n<p class=\"font_8 wixui-rich-text__text\"><span class=\"wixGuard wixui-rich-text__text\">\u200b<\/span>Dalla Piazza di Calalzo si seguono le indicazioni per raggiungere la Chiesetta del Caravaggio dove \u00e8 possibile posteggiare l&#8217;auto. Da l\u00ec si procede a piedi; una volta oltrepassato il ponte si prende la strada sulla destra che sar\u00e0 asfaltata per i primi 30 minuti fino a raggiungere la localit\u00e0 &#8220;La Stua&#8221;. Da qui inizia una comoda strada silvo-pastorale che dopo altri 30 minuti ci porta ai fienili di Costapiana. Si prosegue nel bosco per il sentiero segnato che troveremo alla nostra destra , dopo altri 45 minuti si raggiunge la localit\u00e0 &#8220;La Serra&#8221; (dove \u00e8 presente un capitello ed una targa che ricorda il passaggio di Giovanni Paolo II).<\/p>\n<p class=\"font_7 wixui-rich-text__text\">Successivamente il sentiero diventa una mulattiera che mantenendo una pendenza regolare in circa 45 minuti porta al Rifugio Chiggiato.<\/p>\n<\/div>\n<div id=\"comp-kv7tkeif\" class=\"comp-kv7tkeif wixui-vector-image\">\n<div class=\"AKxYR5 VZYmYf comp-kv7tkeif\" data-testid=\"svgRoot-comp-kv7tkeif\"><\/div>\n<\/div>\n<div id=\"comp-kv7tlfr5\" class=\"HcOXKn c9GqVL QxJLC3 comp-kv7tlfr5 wixui-rich-text\" data-testid=\"richTextElement\">\n<p class=\"font_7 wixui-rich-text__text\"><strong><span class=\"color_42 wixui-rich-text__text\"><span class=\"wixui-rich-text__text\">Sentiero CAI 260<\/span><\/span><\/strong><\/p>\n<p class=\"font_7 wixui-rich-text__text\"><span class=\"wixui-rich-text__text\">Dislivello: 950 m &#8211;\u00a0<\/span><span class=\"wixui-rich-text__text\">Difficolt\u00e0: E &#8211;\u00a0<\/span><span class=\"wixui-rich-text__text\">Tempo di percorrenza medio:\u00a0ore 2.15<\/span><\/p>\n<p class=\"font_8 wixui-rich-text__text\"><span class=\"wixGuard wixui-rich-text__text\">\u200b<\/span>Dalla piazza di Calalzo si seguono le indicazioni per La Pineta, localit\u00e0 Praciadelan dove troverete un ampio parcheggio dove posteggiare l&#8217;auto.<\/p>\n<p class=\"font_7 wixui-rich-text__text\">Da qui vi troverete davanti ad un bivio dove proseguirete prendendo la strada bianca di dx.<\/p>\n<p class=\"font_7 wixui-rich-text__text\">In circa un chilometro si arriva al torrente Diassa dove, stando alla sua destra, si segue la segnaletica del sentiero 260 -Rifugio Chiggiato. Il sentiero continuer\u00e0 poi nel bosco.<\/p>\n<p class=\"font_7 wixui-rich-text__text\">Il primo tratto \u00e8 aperto e si snoda tra mughi e ghiaioni; per questo motivo nelle giornate calde il sole si fa sentire.<\/p>\n<p class=\"font_7 wixui-rich-text__text\">L&#8217;insidia pi\u00f9 grande dopo giornate piovose possono invece essere le radici ed il fondo fangoso.<\/p>\n<p class=\"font_7 wixui-rich-text__text\">Il sentiero offre un ampio panorama sulla Val d&#8217;Oten con vista sull&#8217;Antelao ed il suo ghiacciaio, su Forcella Piccola e sulle Marmarole occidentali.<\/p>\n<p class=\"font_7 wixui-rich-text__text\">Lungo questo sentiero si trova l&#8217;ultima ed unica sorgente d&#8217;acqua ritenuta potabile delle Marmarole Occidentali (a quota 1750 m ca.)<\/p>\n<p class=\"font_7 wixui-rich-text__text\"><span class=\"wixui-rich-text__text\">NOTA: PER CHI POSSIEDE MEZZI 4X4 \u00a0E&#8217; POSSIBILE POSTEGGIARE DIRETTAMENTE L&#8217;AUTO IN LOC. LA DIASSA , DOVE E&#8217; PRESENTE UN \u00a0PARCHEGGIO\u00a0<\/span><\/p>\n<\/div>\n<div id=\"comp-kv7tlwwn\" class=\"comp-kv7tlwwn wixui-vector-image\">\n<div class=\"AKxYR5 VZYmYf comp-kv7tlwwn\" data-testid=\"svgRoot-comp-kv7tlwwn\"><\/div>\n<\/div>\n<div id=\"comp-kv7tmbth\" class=\"HcOXKn c9GqVL QxJLC3 comp-kv7tmbth wixui-rich-text\" data-testid=\"richTextElement\">\n<p class=\"font_7 wixui-rich-text__text\"><span class=\"color_42 wixui-rich-text__text\"><span class=\"wixui-rich-text__text\"><strong>Sentiero CAI 262<\/strong>\u00a0<\/span><\/span><\/p>\n<p class=\"font_7 wixui-rich-text__text\"><span class=\"wixui-rich-text__text\"><span class=\"wixGuard wixui-rich-text__text\">\u200b<\/span><\/span><span class=\"wixui-rich-text__text\">Dislivello:\u00a0 200 m &#8211; Difficolt\u00e0:\u00a0 EEA \u2013\u00a0 Tempo di percorrenza medio:\u00a0ore 2.15<\/span><\/p>\n<p class=\"font_7 wixui-rich-text__text\"><span class=\"wixui-rich-text__text\">Sentiero attrezzato poco impegnativo con lunghi tratti di cammino. Tracciato molto protetto, con buone segnalazioni, dove le strutture metalliche si limitano al solo cavo unicamente per migliorare la sicurezza.<\/span><\/p>\n<p class=\"font_7 wixui-rich-text__text\">Dal centro di Lozzo di Cadore si seguono le indicazioni per la localit\u00e0 Pian Dei Buoi (strada asfaltata a senso unico, 5 km circa) Giunti sull&#8217;altopiano si prosegue verso il Rifugio Baion e si posteggia nei dintorni.<\/p>\n<p class=\"font_7 wixui-rich-text__text\">Alle spalle del Rifugio parte il sentiero CAI n. 262.<\/p>\n<p class=\"font_7 wixui-rich-text__text\"><span class=\"wixGuard wixui-rich-text__text\">\u200b<\/span><span class=\"wixui-rich-text__text\">NOTA: NEI MESI DI LUGLIO E DI AGOSTO LA SALITA A PIAN DEI BUOI\u00a0 E&#8217; REGOLATA DAL SENSO UNICO ALTERNATO; SI SALE ESCLUSIVAMENTE\u00a0 DALLE 9 ALLE 13 \u00a0ED ESCLUSIVAMENTE SI SCENDE DALLE 14 ALLE 17. DALLE 17 ALLE 9.00 SI VIAGGIA A DOPPIO SENSO.\u00a0<\/span><\/p>\n<\/div>\n<div id=\"comp-kv7tmv52\" class=\"comp-kv7tmv52 wixui-vector-image\">\n<div class=\"AKxYR5 VZYmYf comp-kv7tmv52\" data-testid=\"svgRoot-comp-kv7tmv52\"><span style=\"font-size: 1rem;\">Nel caso in cui non ve la sentiate di affrontare i passaggi ferrati del sentiero CAI n. 262 esiste la possibilit\u00e0 di prendere il sentiero alternativo delle casere d&#8217;Ajeron. La partenza del sentiero \u00e8 la stessa del 262 alle spalle del Rifugio Baion. In circa 15 minuti dopo i pascoli ed all&#8217;ingresso del bosco sulla sinistra si trova il cartello &#8220;PERCORSO PIACEVOLE&#8221;. Si segue la traccia in bosco per circa 40 minuti e si giunge ai pascoli della casera d&#8217;Ajeron. Si punta la fontana, si passa davanti la casera e si prende la strada larga pianeggiante che costeggia il lavatoio. Dopo circa 30 minuti si giunge al rifugio Chiggiato sovrapponendosi per l&#8217;ultimo tratto al sentiero CAI n. 261 da sentiero CAI 262 verso Casera D&#8217;Ajeron<\/span><\/div>\n<\/div>\n<div id=\"comp-kv7tn1sm\" class=\"HcOXKn c9GqVL QxJLC3 comp-kv7tn1sm wixui-rich-text\" data-testid=\"richTextElement\">\n<p class=\"font_2 wixui-rich-text__text\"><span class=\"color_45 wixui-rich-text__text\"><span class=\"wixui-rich-text__text\"><span class=\"wixGuard wixui-rich-text__text\">\u200b<\/span><\/span><\/span><\/p>\n<\/div>\n<p><strong>Ascensioni<\/strong><\/p>\n<p>Cimon del Froppa<br \/>\nCima Salina<br \/>\nCroda Bianca<br \/>\nCresta degli Invalidi<br \/>\nCresta d&#8217;Aieron<\/p>\n<p><strong>Traversate<\/strong><\/p>\n<p>Ad Auronzo per la Forcella Peronat e la Forcella Baion<br \/>\nAl Bivacco Tiziano per la Forcella Giau de La Tana<br \/>\nAl Rifugio Galassi per la Val d&#8217;Oten<\/p>\n<h2>Cartografia<\/h2>\n<p>IGM 1:25000 n. 12 II NE &#8211; Pieve di Cadore, Kompass 1:50000 n. 58 Dolomiti di Sesto<\/p>\n<h2><strong>Nota Bene<br \/>\n<\/strong>La richiesta di disponibilit\u00e0 per il pernotto e le prenotazioni vanno indirizzate direttamente al gestore del Rifugio.<\/h2>\n","protected":false},"excerpt":{"rendered":"<p>Anno di costruzione: 1926 (1987) Gruppo montuoso: Marmarole Altitudine: 1911 m. slm Localit\u00e0: Col Negro (Comune di Calalzo di Cadore) Posti letto: 37 + 4 nel locale invernale Periodo indicativo di apertura estiva: 20\/06 &#8211; 20\/09 Apertura nel periodo invernale: consultare il sito web del rifugio www.rifugiochiggiato.it Telefono: +39 0435 366290 E-mail: info@rifugiochiggiato.it Sito web: &hellip; <\/p>\n<p class=\"link-more\"><a href=\"https:\/\/caivenezia.it\/s\/rifugi-e-bivacchi\/rifugio-giovanni-e-dino-chiggiato-alle-marmarole\/\" class=\"more-link\">Leggi tutto<span class=\"screen-reader-text\"> &#8220;Rifugio Giovanni e Dino Chiggiato alle Marmarole&#8221;<\/span><\/a><\/p>\n","protected":false},"author":1,"featured_media":0,"parent":61,"menu_order":0,"comment_status":"closed","ping_status":"closed","template":"","meta":{"footnotes":""},"class_list":["post-215","page","type-page","status-publish","hentry"],"_links":{"self":[{"href":"https:\/\/caivenezia.it\/s\/wp-json\/wp\/v2\/pages\/215","targetHints":{"allow":["GET"]}}],"collection":[{"href":"https:\/\/caivenezia.it\/s\/wp-json\/wp\/v2\/pages"}],"about":[{"href":"https:\/\/caivenezia.it\/s\/wp-json\/wp\/v2\/types\/page"}],"author":[{"embeddable":true,"href":"https:\/\/caivenezia.it\/s\/wp-json\/wp\/v2\/users\/1"}],"replies":[{"embeddable":true,"href":"https:\/\/caivenezia.it\/s\/wp-json\/wp\/v2\/comments?post=215"}],"version-history":[{"count":11,"href":"https:\/\/caivenezia.it\/s\/wp-json\/wp\/v2\/pages\/215\/revisions"}],"predecessor-version":[{"id":1078,"href":"https:\/\/caivenezia.it\/s\/wp-json\/wp\/v2\/pages\/215\/revisions\/1078"}],"up":[{"embeddable":true,"href":"https:\/\/caivenezia.it\/s\/wp-json\/wp\/v2\/pages\/61"}],"wp:attachment":[{"href":"https:\/\/caivenezia.it\/s\/wp-json\/wp\/v2\/media?parent=215"}],"curies":[{"name":"wp","href":"https:\/\/api.w.org\/{rel}","templated":true}]}}