{"id":287,"date":"2023-11-22T21:40:54","date_gmt":"2023-11-22T20:40:54","guid":{"rendered":"https:\/\/caivenezia.it\/s\/?page_id=287"},"modified":"2024-01-14T14:04:14","modified_gmt":"2024-01-14T13:04:14","slug":"escursionismo-invernale-2024-malga-franzedas","status":"publish","type":"page","link":"https:\/\/caivenezia.it\/s\/programma-escursionismo-inverno-2023-estate-2024\/escursionismo-invernale-2024-malga-franzedas\/","title":{"rendered":"Escursionismo invernale 2024: Malga Franzedas"},"content":{"rendered":"<p><strong>NOTA BENE:<\/strong> il programma potr\u00e0 subire cambiamenti e\/o variazioni che saranno di volta in volta comunicati.<\/p>\n<h2>Data prevista<\/h2>\n<p>4 febbraio 2024<\/p>\n<h2>Itinerario<\/h2>\n<p>M.ga Ciap\u00e9la 1444m &#8211; Bivio q.ta 1559m &#8211; Malga Franzedaz 1980m &#8211; M.ga Gran Pian 1538m &#8211; M.ga Ciap\u00e9la 1444m.<\/p>\n<h2>Difficolt\u00e0<\/h2>\n<p>EAI<\/p>\n<h2>Interesse<\/h2>\n<p>Naturalistico, Ambientale, Paesaggistico<\/p>\n<h2>Abbigliamento<\/h2>\n<p><span style=\"font-size: small;\"><span style=\"font-family: Arial, serif;\"><span style=\"font-size: medium;\"><span lang=\"it-IT\">Normale da escursionismo invernale<\/span><\/span><\/span><\/span><\/p>\n<h2>Tempi di percorrenza<\/h2>\n<p>4 h 30&#8242; circa<\/p>\n<h2>Altitudine min<\/h2>\n<p>1444 m<\/p>\n<h2>Altitudine max<\/h2>\n<p>1980 m<\/p>\n<h2>Dislivello in salita<\/h2>\n<p>550 m circa<\/p>\n<h2>Dislivello in discesa<\/h2>\n<p>550 m circa<\/p>\n<h2>Cartografia essenziale<\/h2>\n<p>ed. Tabacco 1:25000 foglio N\u00b0015<\/p>\n<h2>Responsabile<\/h2>\n<p>AE\/EAI Giancarlo Cristofoli Prat<\/p>\n<h2>Posto e ora di ritrovo<\/h2>\n<p>Venezia Piazzale Roma ore 6:45<\/p>\n<p>Mestre Via Torino ore 7:00<\/p>\n<h2>Iscrizione<\/h2>\n<p>Per la partecipazione alle attivit\u00e0 del gruppo escursionistico \u00e8 necessario compilare il <a href=\"https:\/\/caivenezia.it\/s\/wp-content\/uploads\/2024\/01\/Modulo_richiesta_escursionismo.pdf\">modulo di richiesta di partecipazione<\/a> e inviarlo unitamente alle altre informazioni richieste all&#8217;indirizzo indicato nel modulo stesso entro il mercoled\u00ec precedente l&#8217;escursione.<\/p>\n<h2>Note e descrizione dell\u2019itinerario<\/h2>\n<p>Malga Franzedas \u00e8 una struttura destinata esclusivamente ai pastori durante la stagione dell\u2019alpeggio, non si tratta quindi di un locale aperto al pubblico n\u00e8 di una rivendita di prodotti locali. La bellezza e l\u2019importanza escursionistica del luogo (di qui transita anche l\u2019Alta Via delle Dolomiti 2) ne fanno comunque un punto nevralgico per gli escursionisti impegnati estate e inverno nell\u2019esplorazione delle cime del Gruppo della Marmolada.<\/p>\n<p>Si sale per strada segnavia n. 610 verso Agriturismo Malga Pian Gran e, poco oltre, si devia lungo la traccia che risale la Val de Frazed\u00e0s e si ricongiunge al sentiero n. 684 che conduce alle malghe in localit\u00e0 Franzed\u00e0z (1980m).<br \/>\nDiscesa lungo la mulattiera segnavia n. 689 fino all\u2019Agriturismo e poi rientro per lo stesso percorso di salita.<\/p>\n","protected":false},"excerpt":{"rendered":"<p>NOTA BENE: il programma potr\u00e0 subire cambiamenti e\/o variazioni che saranno di volta in volta comunicati. Data prevista 4 febbraio 2024 Itinerario M.ga Ciap\u00e9la 1444m &#8211; Bivio q.ta 1559m &#8211; Malga Franzedaz 1980m &#8211; M.ga Gran Pian 1538m &#8211; M.ga Ciap\u00e9la 1444m. Difficolt\u00e0 EAI Interesse Naturalistico, Ambientale, Paesaggistico Abbigliamento Normale da escursionismo invernale Tempi di &hellip; <\/p>\n<p class=\"link-more\"><a href=\"https:\/\/caivenezia.it\/s\/programma-escursionismo-inverno-2023-estate-2024\/escursionismo-invernale-2024-malga-franzedas\/\" class=\"more-link\">Leggi tutto<span class=\"screen-reader-text\"> &#8220;Escursionismo invernale 2024: Malga Franzedas&#8221;<\/span><\/a><\/p>\n","protected":false},"author":1,"featured_media":288,"parent":282,"menu_order":0,"comment_status":"closed","ping_status":"closed","template":"","meta":{"footnotes":""},"class_list":["post-287","page","type-page","status-publish","has-post-thumbnail","hentry"],"_links":{"self":[{"href":"https:\/\/caivenezia.it\/s\/wp-json\/wp\/v2\/pages\/287","targetHints":{"allow":["GET"]}}],"collection":[{"href":"https:\/\/caivenezia.it\/s\/wp-json\/wp\/v2\/pages"}],"about":[{"href":"https:\/\/caivenezia.it\/s\/wp-json\/wp\/v2\/types\/page"}],"author":[{"embeddable":true,"href":"https:\/\/caivenezia.it\/s\/wp-json\/wp\/v2\/users\/1"}],"replies":[{"embeddable":true,"href":"https:\/\/caivenezia.it\/s\/wp-json\/wp\/v2\/comments?post=287"}],"version-history":[{"count":5,"href":"https:\/\/caivenezia.it\/s\/wp-json\/wp\/v2\/pages\/287\/revisions"}],"predecessor-version":[{"id":416,"href":"https:\/\/caivenezia.it\/s\/wp-json\/wp\/v2\/pages\/287\/revisions\/416"}],"up":[{"embeddable":true,"href":"https:\/\/caivenezia.it\/s\/wp-json\/wp\/v2\/pages\/282"}],"wp:featuredmedia":[{"embeddable":true,"href":"https:\/\/caivenezia.it\/s\/wp-json\/wp\/v2\/media\/288"}],"wp:attachment":[{"href":"https:\/\/caivenezia.it\/s\/wp-json\/wp\/v2\/media?parent=287"}],"curies":[{"name":"wp","href":"https:\/\/api.w.org\/{rel}","templated":true}]}}