{"id":434,"date":"2024-01-20T10:45:21","date_gmt":"2024-01-20T09:45:21","guid":{"rendered":"https:\/\/caivenezia.it\/s\/?page_id=434"},"modified":"2024-01-23T17:47:51","modified_gmt":"2024-01-23T16:47:51","slug":"programma-delle-attivita-2024","status":"publish","type":"page","link":"https:\/\/caivenezia.it\/s\/la-sezione\/programma-delle-attivita-2024\/","title":{"rendered":"Programma delle attivit\u00e0 2024"},"content":{"rendered":"<p>Care socie e cari soci, cari appassionati di montagna,<\/p>\n<p>la Sezione di Venezia del Club Alpino Italiano fin dal 1890, anno della sua costituzione, si \u00e8 sempre prodigata per divulgare la cultura e le attivit\u00e0 alpinistiche ed \u00e8 stata pioniera nella costruzione di rifugi alpini, tanto che il primo dei <a href=\"https:\/\/caivenezia.it\/s\/rifugi-e-bivacchi\/\">sette rifugi e dei 5 bivacchi<\/a> edificati con lungimiranza dai nostri predecessori, il <a href=\"https:\/\/caivenezia.it\/s\/rifugi-e-bivacchi\/rifugio-venezia-albamaria-de-luca-al-pelmo\/\">rifugio Venezia al Pelmo<\/a> eretto nel 1892, risulta essere il primo rifugio delle dolomiti italiane.<\/p>\n<p>Con questo opuscolo, che non vuole sostituire il nostro notiziario &#8220;<a href=\"https:\/\/caivenezia.it\/s\/1890-2\/\">1890<\/a>&#8220;, intendiamo mettere a vostra disposizione tutte le informazioni relative alle attivit\u00e0 che la Sezione organizzer\u00e0 nel corso del 2024.<\/p>\n<p>La nostra <a href=\"https:\/\/caivenezia.it\/s\/scuole-e-corsi\/scuola-sergio-nen\/\">Scuola Nazionale intitolata a &#8220;Sergio Nen&#8221;<\/a>, istruttore caduto sulla Torre Winkler nel 1945 appena 22enne, che opera fin dal 1939 e che non interruppe i corsi roccia nemmeno durante la seconda guerra mondiale, composta da una cinquantina di istruttori specializzati nelle varie discipline, vi offrir\u00e0 corsi di alpinismo su roccia e su ghiaccio, di arrampicata libera, di scialpinismo base e avanzato e di sci fondo escursionismo, mentre i nostri accompagnatori ed i nostri operatori naturalistico culturali vi condurranno in<br \/>\npiacevoli escursioni sia durante il periodo invernale che estivo.<\/p>\n<p>Tutti i corsi saranno volti non solo all\u2019insegnamento delle tecniche alpinistiche o scialpinistiche in sicurezza, ma anche della storia e della cultura legate al mondo della montagna. Si articoleranno in lezioni teoriche tenute presso la nostra sede ed in lezioni pratiche che saranno svolte in ambiente.<\/p>\n<p>Non mancheranno durante l\u2019anno, manifestazioni culturali quali l\u2019ormai tradizionale rassegna di cinema di montagna \u201cSchermi Verticali\u201d.<\/p>\n<p>Sfogliando queste paginette potrete gi\u00e0 pregustare l\u2019attivit\u00e0 che pi\u00f9 vi interessa o pi\u00f9 semplicemente essere informati su quanto pu\u00f2 offrire la nostra Sezione.<\/p>\n<p>Vi aspettiamo!<br \/>\nA questo punto, cari amici, non mi resta che augurare a tutti voi Buona Montagna!<\/p>\n<p style=\"text-align: right;\">Daniele Bortolozzi<br \/>\nPresidente della Sezione di Venezia del Club Alpino Italiano<\/p>\n<p><a href=\"https:\/\/caivenezia.it\/s\/wp-content\/uploads\/2023\/11\/Libretto-CAI-Venezia-2024_LQ.pdf\">Scarica il Programma in formato PDF (11 Mb)<\/a><\/p>\n","protected":false},"excerpt":{"rendered":"<p>Care socie e cari soci, cari appassionati di montagna, la Sezione di Venezia del Club Alpino Italiano fin dal 1890, anno della sua costituzione, si \u00e8 sempre prodigata per divulgare la cultura e le attivit\u00e0 alpinistiche ed \u00e8 stata pioniera nella costruzione di rifugi alpini, tanto che il primo dei sette rifugi e dei 5 &hellip; <\/p>\n<p class=\"link-more\"><a href=\"https:\/\/caivenezia.it\/s\/la-sezione\/programma-delle-attivita-2024\/\" class=\"more-link\">Leggi tutto<span class=\"screen-reader-text\"> &#8220;Programma delle attivit\u00e0 2024&#8221;<\/span><\/a><\/p>\n","protected":false},"author":1,"featured_media":0,"parent":9,"menu_order":0,"comment_status":"closed","ping_status":"closed","template":"","meta":{"footnotes":""},"class_list":["post-434","page","type-page","status-publish","hentry"],"_links":{"self":[{"href":"https:\/\/caivenezia.it\/s\/wp-json\/wp\/v2\/pages\/434","targetHints":{"allow":["GET"]}}],"collection":[{"href":"https:\/\/caivenezia.it\/s\/wp-json\/wp\/v2\/pages"}],"about":[{"href":"https:\/\/caivenezia.it\/s\/wp-json\/wp\/v2\/types\/page"}],"author":[{"embeddable":true,"href":"https:\/\/caivenezia.it\/s\/wp-json\/wp\/v2\/users\/1"}],"replies":[{"embeddable":true,"href":"https:\/\/caivenezia.it\/s\/wp-json\/wp\/v2\/comments?post=434"}],"version-history":[{"count":2,"href":"https:\/\/caivenezia.it\/s\/wp-json\/wp\/v2\/pages\/434\/revisions"}],"predecessor-version":[{"id":452,"href":"https:\/\/caivenezia.it\/s\/wp-json\/wp\/v2\/pages\/434\/revisions\/452"}],"up":[{"embeddable":true,"href":"https:\/\/caivenezia.it\/s\/wp-json\/wp\/v2\/pages\/9"}],"wp:attachment":[{"href":"https:\/\/caivenezia.it\/s\/wp-json\/wp\/v2\/media?parent=434"}],"curies":[{"name":"wp","href":"https:\/\/api.w.org\/{rel}","templated":true}]}}