{"id":493,"date":"2024-03-03T22:34:32","date_gmt":"2024-03-03T21:34:32","guid":{"rendered":"https:\/\/caivenezia.it\/s\/?page_id=493"},"modified":"2024-03-03T22:34:32","modified_gmt":"2024-03-03T21:34:32","slug":"escursionismo-estivo-2024-rifugio-prato-piazza-e-monte-specie","status":"publish","type":"page","link":"https:\/\/caivenezia.it\/s\/programma-escursionismo-inverno-2023-estate-2024\/escursionismo-estivo-2024-rifugio-prato-piazza-e-monte-specie\/","title":{"rendered":"Escursionismo estivo 2024: Rifugio Prato Piazza e Monte Specie"},"content":{"rendered":"<p><strong>NOTA BENE:<\/strong> il programma potr\u00e0 subire cambiamenti e\/o variazioni che saranno di volta in volta comunicati.<\/p>\n<h2>Data prevista<\/h2>\n<p>6 e 7 luglio 2024<\/p>\n<h2>Itinerario<\/h2>\n<p>1\u00b0 giorno: Ponticello 1491 m &#8211; Rifugio Prato Piazza 2000 m<br \/>\n2\u00b0 giorno: Rif. Prato Piazza 2000 m &#8211; Monte Specie 2307 m &#8211; Prato Piazza 2000 m &#8211; Ponticello 1491 m<\/p>\n<h2>Difficolt\u00e0<\/h2>\n<p>E<\/p>\n<h2>Interesse<\/h2>\n<p>Naturalistico, Ambientale, Paesaggistico<\/p>\n<h2>Abbigliamento<\/h2>\n<p class=\"western\"><span lang=\"it-IT\">Normale<\/span> <span lang=\"it-IT\">da<\/span> <span lang=\"it-IT\">escursionismo <strong>+ sacco lenzuolo<\/strong><br \/>\n<\/span><\/p>\n<h2>Tempi di percorrenza<\/h2>\n<p>1\u00b0 giorno: 2:30 h<br \/>\n2\u00b0 giorno: 5 h<\/p>\n<h2>Altitudine min<\/h2>\n<p>1500 m<\/p>\n<h2>Altitudine max<\/h2>\n<p>2307 m<\/p>\n<h2>Dislivello in salita<\/h2>\n<p>1\u00b0 giorno: 540 m<br \/>\n2\u00b0 giorno: 300 m<\/p>\n<h2>Dislivello in discesa<\/h2>\n<p>1\u00b0 giorno: &#8211;<br \/>\n2\u00b0 giorno: 900 m<\/p>\n<h2>Cartografia essenziale<\/h2>\n<p>Tabacco 1:25000 foglio n. 03<\/p>\n<h2>Responsabili<\/h2>\n<p>ONC Stefania Giuman &#8211; ONCS Paolo Gion<\/p>\n<h2>Posto e ora di ritrovo<\/h2>\n<p><strong>Nota Bene:<\/strong> il trasferimento avverr\u00e0 con mezzi propri.<\/p>\n<p>Venezia Piazzale Roma ore 7:20<br \/>\nMestre Via Torino ore: 7:30<\/p>\n<h2>Iscrizione<\/h2>\n<p>Per la partecipazione alle attivit\u00e0 del gruppo escursionistico \u00e8 necessario compilare il <a href=\"https:\/\/caivenezia.it\/s\/wp-content\/uploads\/2024\/01\/Modulo_richiesta_escursionismo.pdf\">modulo di richiesta di partecipazione<\/a> e inviarlo unitamente alle altre informazioni richieste all&#8217;indirizzo indicato nel modulo stesso entro il mercoled\u00ec precedente l&#8217;escursione.<\/p>\n<h2>Note e descrizione dell\u2019itinerario<\/h2>\n<p>Questa escursione ci porter\u00e0 a trascorrere due giorni immersi nel Parco Fanes-Sennes-Braies, con paesaggi stupendi e panorami mozzafiato.<\/p>\n<p><strong>1\u00b0 giorno<\/strong><br \/>\nIn localit\u00e0 Ponticello (1491 m), nell\u2019ampio parcheggio antistante l\u2019Albergo\/Ristorante Bruckele posteggeremo le nostre vetture e inizieremo la nostra ecursione. Ci incammineremo sulla strada asfaltata che si dirige a Prato Piazza; percorsi una cinquantina di metri, un\u2019indicazione per il Rifugio Prato Piazza ci inviter\u00e0 a lasciare la strada asfaltata per incamminarci sulla destra lungo<br \/>\nun largo sentiero battuto. Il sentiero percorre dolce un tratto di bosco e, dopo aver fatto un\u2018ampia svolta verso sinistra, diventa un lungo rettilineo.<br \/>\nAttraverseremo in due punti la strada asfaltata lasciata precedentemente per poi seguire il segnavia CAI 37.<\/p>\n<p>Dopo circa 15 minuti di camminata, incontreremo sulla nostra destra la deviazione con le indicazioni per Malga Stolla e Prato Piazza. Proseguiremo nuovamente seguendo il sentiero CAI 37. Attraverseremo ancora in due punti la strada asfaltata a quota 1882 m e proseguiremo sulla strada di collegamento con Prato Piazza, oltrepassando i parcheggi e raggiungendo il Passo Pratopiazza (1991 m). Da qui sar\u00e0 possibile ammirare verso nord il Picco di Vallandro e a sudovest la Croda Rossa d\u2019Ampezzo. Arrivati al Rifugio Prato Piazza ci fermeremo per il permnottamento.<\/p>\n<p><strong>2\u00b0 giorno<\/strong><br \/>\nLa mattina seguente partiremo dal rifugio e imboccheremo dapprima i sentieri 40 e 40A per deviare successivamente seguendo un comodo sentiero (segnavia 34) che inizia la dolce salita in direzione del Picco di Vallandro &#8211; indicazioni per il Monte Specie\/Strudelkopf.<br \/>\nIl sentiero \u00e8 dolce e facile e solo una salita finale pi\u00f9 accentuata ci far\u00e0 arrivare alla cima del Monte Specie (2307 m) facilmente individuabile per la presenza di una grande croce di vetta.<br \/>\nDalla cima si potr\u00e0 godere di una vista panoramica straordinaria a 360\u00b0; come perla, la vista delle Tre Cime di Lavaredo. Assaporeremo lo splendido panorama e ci incammineremo poi, per riprendere la via del ritorno ripercorrendo a ritroso l\u2019intero itinerario fino a raggiungere le nostre<br \/>\nauto.<\/p>\n<p><em>Un p\u00f2 di storia<\/em><br \/>\nIl Forte Prato Piazza situato di fronte al Rifugio Vallandro, fu costruito tra il 1888 e il 1895 dall\u2019Impero austro-ungarico. All\u2019inizio della Prima Guerra Mondiale il forte esisteva gi\u00e0 da quasi quarant\u2019anni, durante i quali, gli armamenti erano mutati diverse volte; non sono state invece<br \/>\nsegnalate modifiche alla struttura.<br \/>\nDurante la guerra il forte venne ripetutamente attaccato dall\u2019artiglieria italiana posizionata di fronte e, precisamente, sul Monte Cristallo. Per queste ragioni fu disarmato e la sua artiglieria fu riposizionata all\u2019aperto in una postazione di tiro ideale.<br \/>\nNonostante ci\u00f2, il forte si rivel\u00f2 comunque utile come osservatorio, data la sua posizione elevata, da cui si godeva un ottimo panorama sulle postazioni italiane.<br \/>\nAl forte fu presente una guarnigione composta soltanto da una ventina di soldati. Dopo la fine della guerra, il forte fu dismesso dal Demanio Militare Italiano e divenne propriet\u00e0 privata.<\/p>\n<p><a href=\"https:\/\/caivenezia.it\/s\/wp-content\/uploads\/2024\/02\/4-PRATO-PIAZZA-scheda-escursione.pdf\">Scarica le informazioni in PDF<\/a><\/p>\n","protected":false},"excerpt":{"rendered":"<p>NOTA BENE: il programma potr\u00e0 subire cambiamenti e\/o variazioni che saranno di volta in volta comunicati. Data prevista 6 e 7 luglio 2024 Itinerario 1\u00b0 giorno: Ponticello 1491 m &#8211; Rifugio Prato Piazza 2000 m 2\u00b0 giorno: Rif. Prato Piazza 2000 m &#8211; Monte Specie 2307 m &#8211; Prato Piazza 2000 m &#8211; Ponticello 1491 &hellip; <\/p>\n<p class=\"link-more\"><a href=\"https:\/\/caivenezia.it\/s\/programma-escursionismo-inverno-2023-estate-2024\/escursionismo-estivo-2024-rifugio-prato-piazza-e-monte-specie\/\" class=\"more-link\">Leggi tutto<span class=\"screen-reader-text\"> &#8220;Escursionismo estivo 2024: Rifugio Prato Piazza e Monte Specie&#8221;<\/span><\/a><\/p>\n","protected":false},"author":1,"featured_media":494,"parent":282,"menu_order":0,"comment_status":"closed","ping_status":"closed","template":"","meta":{"footnotes":""},"class_list":["post-493","page","type-page","status-publish","has-post-thumbnail","hentry"],"_links":{"self":[{"href":"https:\/\/caivenezia.it\/s\/wp-json\/wp\/v2\/pages\/493","targetHints":{"allow":["GET"]}}],"collection":[{"href":"https:\/\/caivenezia.it\/s\/wp-json\/wp\/v2\/pages"}],"about":[{"href":"https:\/\/caivenezia.it\/s\/wp-json\/wp\/v2\/types\/page"}],"author":[{"embeddable":true,"href":"https:\/\/caivenezia.it\/s\/wp-json\/wp\/v2\/users\/1"}],"replies":[{"embeddable":true,"href":"https:\/\/caivenezia.it\/s\/wp-json\/wp\/v2\/comments?post=493"}],"version-history":[{"count":2,"href":"https:\/\/caivenezia.it\/s\/wp-json\/wp\/v2\/pages\/493\/revisions"}],"predecessor-version":[{"id":506,"href":"https:\/\/caivenezia.it\/s\/wp-json\/wp\/v2\/pages\/493\/revisions\/506"}],"up":[{"embeddable":true,"href":"https:\/\/caivenezia.it\/s\/wp-json\/wp\/v2\/pages\/282"}],"wp:featuredmedia":[{"embeddable":true,"href":"https:\/\/caivenezia.it\/s\/wp-json\/wp\/v2\/media\/494"}],"wp:attachment":[{"href":"https:\/\/caivenezia.it\/s\/wp-json\/wp\/v2\/media?parent=493"}],"curies":[{"name":"wp","href":"https:\/\/api.w.org\/{rel}","templated":true}]}}