{"id":53,"date":"2022-10-11T15:35:26","date_gmt":"2022-10-11T15:35:26","guid":{"rendered":"https:\/\/caivenezia.it\/s\/?page_id=53"},"modified":"2023-11-14T14:50:45","modified_gmt":"2023-11-14T14:50:45","slug":"gransi","status":"publish","type":"page","link":"https:\/\/caivenezia.it\/s\/gruppi\/gransi\/","title":{"rendered":"Gransi"},"content":{"rendered":"<p>Nel 1957, sull\u2019esempio del Gruppo Scoiattoli fondato dagli amici Cortinesi, con i quali quattro giovani alpinisti veneziani si trovarono casualmente a collaborare nel corso di un\u2019operazione di soccorso sulla Marmolada, nasce in laguna il GRUPPO ROCCIATORI &#8220;GRANSI&#8221; ad opera di sedici fondatori tra i quali una rappresentante del gentil sesso, l\u2019olimpionica di ginnastica artistica Ada Tondolo. Il Gruppo si d\u00e0 un Regolamento, si dota di un maglione sociale di colore blu con un &#8220;gransio&#8221; bianco ricamato sulla manica sinistra e comincia la sua storia di croda e di amicizia. Ai fondatori seguiranno, anno dopo anno, altri soci ammessi dall\u2019Assemblea del Gruppo sulla base della loro attivit\u00e0 alpinistica.<br \/>\nDal 1958 al 1971 il gruppo Gransi organizza e dirige i corsi della Scuola Nazionale di Alpinismo &#8220;Sergio Nen&#8221; del CAI Venezia e la porter\u00e0 a livelli di riconosciuta rilevanza, tanto che il manualetto tecnico-didattico edito dalla scuola stessa andr\u00e0 a ruba tra gli alpinisti. Tuttora, pur essendo una struttura separata dal Gruppo, la Scuola \u00e8 diretta da un &#8220;gransio&#8221; e cos\u00ec molti istruttori della stessa fanno parte del Gruppo a pieno titolo.<br \/>\nDue le &#8220;case di montagna&#8221; intitolate a soci fondatori: il ricovero invernale del Rifugio Venezia &#8211; Albamaria De Luca al Pelmo, a Giacomo Penso &#8220;Sigalon&#8221; ed il bivacco adiacente al rifugio Tiziano sulle Marmarole Nord, ai fratelli Dino e Plinio Toso, gli indimenticati e indimenticabili &#8220;Fagio&#8221; e &#8220;Orso&#8221;.<br \/>\nDalla fondazione ad oggi i Gransi hanno partecipato a spedizioni extraeuropee in Himalaya, sulla Cordigliera delle Ande, sulle montagne dell\u2019Hoggar, dell\u2019Atlante, del Monte Kenya ed altre ancora, aperto decine e decine di vie nuove, effettuato prime ripetizioni invernali e solitarie e portato a termine operazioni di soccorso in montagna. Tra le fila del gruppo si contano tre Accademici del CAI, diciotto Istruttori di Alpinismo, Scialpinismo e Arrampicata Libera, una Guida Alpina e&#8230; un Prete.<\/p>\n<p>\u00e8 possibile visitare il loro sito qui: <a href=\"http:\/\/www.gransi.it\" target=\"_blank\" rel=\"noopener\">http:\/\/www.gransi.it<\/a><\/p>\n","protected":false},"excerpt":{"rendered":"<p>Nel 1957, sull\u2019esempio del Gruppo Scoiattoli fondato dagli amici Cortinesi, con i quali quattro giovani alpinisti veneziani si trovarono casualmente a collaborare nel corso di un\u2019operazione di soccorso sulla Marmolada, nasce in laguna il GRUPPO ROCCIATORI &#8220;GRANSI&#8221; ad opera di sedici fondatori tra i quali una rappresentante del gentil sesso, l\u2019olimpionica di ginnastica artistica Ada &hellip; <\/p>\n<p class=\"link-more\"><a href=\"https:\/\/caivenezia.it\/s\/gruppi\/gransi\/\" class=\"more-link\">Leggi tutto<span class=\"screen-reader-text\"> &#8220;Gransi&#8221;<\/span><\/a><\/p>\n","protected":false},"author":1,"featured_media":0,"parent":49,"menu_order":0,"comment_status":"closed","ping_status":"closed","template":"","meta":{"footnotes":""},"class_list":["post-53","page","type-page","status-publish","hentry"],"_links":{"self":[{"href":"https:\/\/caivenezia.it\/s\/wp-json\/wp\/v2\/pages\/53","targetHints":{"allow":["GET"]}}],"collection":[{"href":"https:\/\/caivenezia.it\/s\/wp-json\/wp\/v2\/pages"}],"about":[{"href":"https:\/\/caivenezia.it\/s\/wp-json\/wp\/v2\/types\/page"}],"author":[{"embeddable":true,"href":"https:\/\/caivenezia.it\/s\/wp-json\/wp\/v2\/users\/1"}],"replies":[{"embeddable":true,"href":"https:\/\/caivenezia.it\/s\/wp-json\/wp\/v2\/comments?post=53"}],"version-history":[{"count":2,"href":"https:\/\/caivenezia.it\/s\/wp-json\/wp\/v2\/pages\/53\/revisions"}],"predecessor-version":[{"id":58,"href":"https:\/\/caivenezia.it\/s\/wp-json\/wp\/v2\/pages\/53\/revisions\/58"}],"up":[{"embeddable":true,"href":"https:\/\/caivenezia.it\/s\/wp-json\/wp\/v2\/pages\/49"}],"wp:attachment":[{"href":"https:\/\/caivenezia.it\/s\/wp-json\/wp\/v2\/media?parent=53"}],"curies":[{"name":"wp","href":"https:\/\/api.w.org\/{rel}","templated":true}]}}