{"id":998,"date":"2025-02-08T10:04:32","date_gmt":"2025-02-08T09:04:32","guid":{"rendered":"https:\/\/caivenezia.it\/s\/?page_id=998"},"modified":"2025-02-08T10:05:27","modified_gmt":"2025-02-08T09:05:27","slug":"programma-attivita-2025","status":"publish","type":"page","link":"https:\/\/caivenezia.it\/s\/la-sezione\/programma-attivita-2025\/","title":{"rendered":"Programma attivit\u00e0 2025"},"content":{"rendered":"<p>Care socie e cari soci, cari amici,<br \/>\necco arrivato l\u2019autunno e con esso il nuovo programma di attivit\u00e0 che la nostra Sezione di Venezia propone ai soci del Club Alpino Italiano e a tutti gli appassionati di montagna.<\/p>\n<p>Sfogliando questo libricino, troverete tutte le informazioni relative ai vari corsi ed alle varie escursioni proposte dalle nostre scuole.<br \/>\nI nostri istruttori vi accompagneranno nell\u2019ambiente innevato, sui ghiacciai, sul ghiaccio verticale delle cascate e sulle rocce delle nostre montagne, facendovi apprendere le tecniche delle varie discipline alpinistiche e scialpinistiche, mentre gli accompagnatori e gli operatori naturalistico culturali vi<br \/>\ncondurranno in piacevoli escursioni sia in ambiente invernale che in quello estivo.<\/p>\n<p>Tutti i corsi saranno volti non solo all\u2019insegnamento tecnico, ma anche alla storia e alla cultura legate al mondo dell\u2019alpinismo e dell\u2019arrampicata. Come sempre si articoleranno in lezioni teoriche tenute presso la nostra sede ed in lezioni pratiche che saranno svolte in ambiente.<\/p>\n<p>Nel corso dell\u2019anno sarano inoltre organizzate manifestazioni culturali, quali la rassegna di cinema di montagna \u201cSchermi Verticali\u201d che quest\u2019anno si arricchir\u00e0 di ulteriori due film per tre serate complessive.<\/p>\n<p>Vi ricordo inoltre, che dal primo novembre, potrete gi\u00e0 rinnovare la vostra iscrizione al nostro sodalizio per il 2025, che oltre a darvi la possibilit\u00e0 di prendere parte a tutte le nostre attivit\u00e0 e di condividerne i valori, d\u00e0 diritto alla ricezione della Rivista nazionale, di Le Alpi Venete, del notiziario \u201c1890\u201d, alla scontistica nei rifugi CAI, all\u2019assicurazione infortuni durante le attivit\u00e0 sezionali e all\u2019eventuale intervento del soccorso alpino.<\/p>\n<p>La nostra Sezione, nata ormai 134 anni orsono per iniziativa di 39 lungimiranti appassionati di montagna, conta oggi 1.106 soci. Non nascondo che la sua conduzione in tutte le variegate sfaccettature \u00e8 assai complessa e perch\u00e9 possa ulteriormente evolversi, rinnovarsi e stare al passo con i tempi che cambiano in modo vertiginoso, ha sempre bisogno di nuove energie e di nuovo entusiasmo.<\/p>\n<p>Vi aspettiamo!<br \/>\nBuona Montagna a tutti!<\/p>\n<p style=\"text-align: right;\">Daniele Bortolozzi<br \/>\nPresidente della Sezione di Venezia<br \/>\ndel Club Alpino Italiano<\/p>\n<p>&nbsp;<\/p>\n<p><a href=\"https:\/\/caivenezia.it\/s\/wp-content\/uploads\/2024\/12\/CAI_programma_2025.pdf\">Scarica il programma della sezione per il 2025 [PDF, 11Mb]<\/a><\/p>\n","protected":false},"excerpt":{"rendered":"<p>Care socie e cari soci, cari amici, ecco arrivato l\u2019autunno e con esso il nuovo programma di attivit\u00e0 che la nostra Sezione di Venezia propone ai soci del Club Alpino Italiano e a tutti gli appassionati di montagna. Sfogliando questo libricino, troverete tutte le informazioni relative ai vari corsi ed alle varie escursioni proposte dalle &hellip; <\/p>\n<p class=\"link-more\"><a href=\"https:\/\/caivenezia.it\/s\/la-sezione\/programma-attivita-2025\/\" class=\"more-link\">Leggi tutto<span class=\"screen-reader-text\"> &#8220;Programma attivit\u00e0 2025&#8221;<\/span><\/a><\/p>\n","protected":false},"author":1,"featured_media":0,"parent":9,"menu_order":0,"comment_status":"closed","ping_status":"closed","template":"","meta":{"footnotes":""},"class_list":["post-998","page","type-page","status-publish","hentry"],"_links":{"self":[{"href":"https:\/\/caivenezia.it\/s\/wp-json\/wp\/v2\/pages\/998","targetHints":{"allow":["GET"]}}],"collection":[{"href":"https:\/\/caivenezia.it\/s\/wp-json\/wp\/v2\/pages"}],"about":[{"href":"https:\/\/caivenezia.it\/s\/wp-json\/wp\/v2\/types\/page"}],"author":[{"embeddable":true,"href":"https:\/\/caivenezia.it\/s\/wp-json\/wp\/v2\/users\/1"}],"replies":[{"embeddable":true,"href":"https:\/\/caivenezia.it\/s\/wp-json\/wp\/v2\/comments?post=998"}],"version-history":[{"count":1,"href":"https:\/\/caivenezia.it\/s\/wp-json\/wp\/v2\/pages\/998\/revisions"}],"predecessor-version":[{"id":999,"href":"https:\/\/caivenezia.it\/s\/wp-json\/wp\/v2\/pages\/998\/revisions\/999"}],"up":[{"embeddable":true,"href":"https:\/\/caivenezia.it\/s\/wp-json\/wp\/v2\/pages\/9"}],"wp:attachment":[{"href":"https:\/\/caivenezia.it\/s\/wp-json\/wp\/v2\/media?parent=998"}],"curies":[{"name":"wp","href":"https:\/\/api.w.org\/{rel}","templated":true}]}}